{"id":2,"date":"2022-04-28T19:41:48","date_gmt":"2022-04-28T19:41:48","guid":{"rendered":"https:\/\/distopiasaga.com.ar\/?page_id=2"},"modified":"2022-09-21T15:54:42","modified_gmt":"2022-09-21T15:54:42","slug":"sample-page","status":"publish","type":"page","link":"https:\/\/distopiasaga.com.ar\/?page_id=2","title":{"rendered":"Qu\u00e8 es Distopia: Argentia"},"content":{"rendered":"\r\n<p class=\"is-layout-flow wp-block-quote-is-layout-flow\">Distopia: Argentia es una serie ciencia ficci\u00f3n independiente retrofuturista que transcurre en una Am\u00e9rica Latina sumergida en una cruenta guerra que se prolong\u00f3 por d\u00e9cadas y en donde la tecnolog\u00eda a vapor del naciente siglo XX es la nueva protagonista.<\/p>\r\n","protected":false},"excerpt":{"rendered":"<p>Distopia: Argentia es una serie ciencia ficci\u00f3n independiente retrofuturista que transcurre en una Am\u00e9rica Latina sumergida en una cruenta guerra que se prolong\u00f3 por d\u00e9cadas y en donde la tecnolog\u00eda a vapor del naciente siglo XX es la nueva protagonista.<\/p>\n","protected":false},"author":1,"featured_media":0,"parent":0,"menu_order":0,"comment_status":"closed","ping_status":"open","template":"","meta":{"footnotes":""},"class_list":["post-2","page","type-page","status-publish","hentry"],"_links":{"self":[{"href":"https:\/\/distopiasaga.com.ar\/index.php?rest_route=\/wp\/v2\/pages\/2","targetHints":{"allow":["GET"]}}],"collection":[{"href":"https:\/\/distopiasaga.com.ar\/index.php?rest_route=\/wp\/v2\/pages"}],"about":[{"href":"https:\/\/distopiasaga.com.ar\/index.php?rest_route=\/wp\/v2\/types\/page"}],"author":[{"embeddable":true,"href":"https:\/\/distopiasaga.com.ar\/index.php?rest_route=\/wp\/v2\/users\/1"}],"replies":[{"embeddable":true,"href":"https:\/\/distopiasaga.com.ar\/index.php?rest_route=%2Fwp%2Fv2%2Fcomments&post=2"}],"version-history":[{"count":5,"href":"https:\/\/distopiasaga.com.ar\/index.php?rest_route=\/wp\/v2\/pages\/2\/revisions"}],"predecessor-version":[{"id":42,"href":"https:\/\/distopiasaga.com.ar\/index.php?rest_route=\/wp\/v2\/pages\/2\/revisions\/42"}],"wp:attachment":[{"href":"https:\/\/distopiasaga.com.ar\/index.php?rest_route=%2Fwp%2Fv2%2Fmedia&parent=2"}],"curies":[{"name":"wp","href":"https:\/\/api.w.org\/{rel}","templated":true}]}}